{"id":6855,"date":"2021-03-03T13:50:40","date_gmt":"2021-03-03T12:50:40","guid":{"rendered":"https:\/\/100pct.org\/?page_id=6855"},"modified":"2022-07-25T13:15:17","modified_gmt":"2022-07-25T11:15:17","slug":"protection-of-children-on-the-street","status":"publish","type":"page","link":"https:\/\/100pct.org\/english\/the-three-tracks\/program\/protection-of-children-on-the-street\/","title":{"rendered":"Protection of children on the streets"},"content":{"rendered":"<div class=\"grve-section grve-row-section grve-fullwidth-background grve-padding-bottom-1x grve-bg-none\" id=\"sps\"><div class=\"grve-container\"><div class=\"grve-row grve-bookmark grve-columns-gap-30\"><div class=\"grve-column wpb_column grve-column-1-6\" ><div class=\"grve-column-wrapper\" ><\/div><\/div><div class=\"grve-column wpb_column grve-column-2-3\" ><div class=\"grve-column-wrapper\" ><h2 class=\"grve-element grve-title grve-align-left grve-h2 grve-increase-heading grve-heading-120\" style=\"\"><span><span style=\"color: #ff9900;\">A growing number of Machakos street children spend most of their lives in institutions.<\/span> We want to counteract this trend. Therefore, we have started a project in collaboration with our partner Positive Life Kenya, where together we will test new methods to reintegrate street children back into their families.<span class=\"grve-title-line grve-bg-primary-1\" style=\"width: 100px;height: 2px;\"><\/span><\/span><\/h2><div class=\"grve-empty-space grve-height-1x\" style=\"\"><\/div><\/div><\/div><div class=\"grve-column wpb_column grve-column-1-6\" ><div class=\"grve-column-wrapper\" ><\/div><\/div><\/div><\/div><div class=\"grve-background-wrapper\"><\/div><\/div><div class=\"grve-section grve-row-section grve-fullwidth grve-padding-bottom-1x grve-bg-none\"><div class=\"grve-container\"><div class=\"grve-row grve-bookmark grve-columns-gap-none\"><div class=\"grve-column wpb_column grve-column-1\" ><div class=\"grve-column-wrapper\" ><div class=\"grve-element grve-carousel grve-layout-1\" style=\"\">  <div class=\"grve-carousel-wrapper\"><div class=\"grve-carousel-navigation grve-light grve-navigation-1 grve-navigation-carousel\"><div class=\"grve-carousel-buttons\"><div class=\"grve-carousel-prev\"><i class=\"grve-icon-nav-left-small\"><\/i><span class=\"screen-reader-text\">Previous<\/span><\/div><div class=\"grve-carousel-next\"><i class=\"grve-icon-nav-right-small\"><\/i><span class=\"screen-reader-text\">Next Next<\/span><\/div><\/div><\/div>    <div class=\"grve-carousel-element grve-gallery-popup my-imageheight\" data-items=\"2\" data-items-tablet-landscape=\"2\" data-items-tablet-portrait=\"2\" data-items-mobile=\"2\" data-slider-autoplay=\"yes\" data-slider-speed=\"3000\" data-slider-pause=\"no\" data-pagination-speed=\"400\" data-pagination=\"yes\" data-slider-loop=\"yes\"><div class=\"grve-carousel-item grve-hover-item grve-hover-style-none\">  <figure class=\"grve-image-hover\">    <a class=\"grve-item-url\" href=\"https:\/\/100pct.org\/wordpress\/wp-content\/uploads\/DSCF3880-1280x1920.jpg\" ><\/a>    <div class=\"grve-hover-overlay grve-bg-primary-1 grve-opacity-90\"><\/div><div class=\"grve-media\"><img decoding=\"async\" width=\"683\" height=\"1024\" src=\"https:\/\/100pct.org\/wordpress\/wp-content\/uploads\/DSCF3880-683x1024.jpg\" class=\"attachment-large size-large\" alt=\"\" srcset=\"https:\/\/100pct.org\/wordpress\/wp-content\/uploads\/DSCF3880-683x1024.jpg 683w, https:\/\/100pct.org\/wordpress\/wp-content\/uploads\/DSCF3880-200x300.jpg 200w, https:\/\/100pct.org\/wordpress\/wp-content\/uploads\/DSCF3880-768x1152.jpg 768w, https:\/\/100pct.org\/wordpress\/wp-content\/uploads\/DSCF3880-1024x1536.jpg 1024w, https:\/\/100pct.org\/wordpress\/wp-content\/uploads\/DSCF3880-1365x2048.jpg 1365w, https:\/\/100pct.org\/wordpress\/wp-content\/uploads\/DSCF3880-8x12.jpg 8w, https:\/\/100pct.org\/wordpress\/wp-content\/uploads\/DSCF3880-1280x1920.jpg 1280w, https:\/\/100pct.org\/wordpress\/wp-content\/uploads\/DSCF3880-600x900.jpg 600w, https:\/\/100pct.org\/wordpress\/wp-content\/uploads\/DSCF3880-scaled.jpg 1707w\" sizes=\"(max-width: 683px) 100vw, 683px\" \/><\/div>  <\/figure><\/div><div class=\"grve-carousel-item grve-hover-item grve-hover-style-none\">  <figure class=\"grve-image-hover\">    <a class=\"grve-item-url\" href=\"https:\/\/100pct.org\/wordpress\/wp-content\/uploads\/0O2w1LggSRazXZfQlVJQ_thumb_272.jpg\" ><\/a>    <div class=\"grve-hover-overlay grve-bg-primary-1 grve-opacity-90\"><\/div><div class=\"grve-media\"><img decoding=\"async\" width=\"1024\" height=\"683\" src=\"https:\/\/100pct.org\/wordpress\/wp-content\/uploads\/0O2w1LggSRazXZfQlVJQ_thumb_272-1024x683.jpg\" class=\"attachment-large size-large\" alt=\"\" srcset=\"https:\/\/100pct.org\/wordpress\/wp-content\/uploads\/0O2w1LggSRazXZfQlVJQ_thumb_272-1024x683.jpg 1024w, https:\/\/100pct.org\/wordpress\/wp-content\/uploads\/0O2w1LggSRazXZfQlVJQ_thumb_272-300x200.jpg 300w, https:\/\/100pct.org\/wordpress\/wp-content\/uploads\/0O2w1LggSRazXZfQlVJQ_thumb_272-768x512.jpg 768w, https:\/\/100pct.org\/wordpress\/wp-content\/uploads\/0O2w1LggSRazXZfQlVJQ_thumb_272-16x12.jpg 16w, https:\/\/100pct.org\/wordpress\/wp-content\/uploads\/0O2w1LggSRazXZfQlVJQ_thumb_272-600x400.jpg 600w, https:\/\/100pct.org\/wordpress\/wp-content\/uploads\/0O2w1LggSRazXZfQlVJQ_thumb_272.jpg 1086w\" sizes=\"(max-width: 1024px) 100vw, 1024px\" \/><\/div>  <\/figure><\/div><div class=\"grve-carousel-item grve-hover-item grve-hover-style-none\">  <figure class=\"grve-image-hover\">    <a class=\"grve-item-url\" href=\"https:\/\/100pct.org\/wordpress\/wp-content\/uploads\/IMG_8530-1440x1920.jpg\" ><\/a>    <div class=\"grve-hover-overlay grve-bg-primary-1 grve-opacity-90\"><\/div><div class=\"grve-media\"><img decoding=\"async\" width=\"768\" height=\"1024\" src=\"https:\/\/100pct.org\/wordpress\/wp-content\/uploads\/IMG_8530-768x1024.jpg\" class=\"attachment-large size-large\" alt=\"\" srcset=\"https:\/\/100pct.org\/wordpress\/wp-content\/uploads\/IMG_8530-768x1024.jpg 768w, https:\/\/100pct.org\/wordpress\/wp-content\/uploads\/IMG_8530-225x300.jpg 225w, https:\/\/100pct.org\/wordpress\/wp-content\/uploads\/IMG_8530-1152x1536.jpg 1152w, https:\/\/100pct.org\/wordpress\/wp-content\/uploads\/IMG_8530-1536x2048.jpg 1536w, https:\/\/100pct.org\/wordpress\/wp-content\/uploads\/IMG_8530-9x12.jpg 9w, https:\/\/100pct.org\/wordpress\/wp-content\/uploads\/IMG_8530-560x747.jpg 560w, https:\/\/100pct.org\/wordpress\/wp-content\/uploads\/IMG_8530-840x1120.jpg 840w, https:\/\/100pct.org\/wordpress\/wp-content\/uploads\/IMG_8530-1440x1920.jpg 1440w, https:\/\/100pct.org\/wordpress\/wp-content\/uploads\/IMG_8530-600x800.jpg 600w, https:\/\/100pct.org\/wordpress\/wp-content\/uploads\/IMG_8530-scaled.jpg 1920w\" sizes=\"(max-width: 768px) 100vw, 768px\" \/><\/div>  <\/figure><\/div><div class=\"grve-carousel-item grve-hover-item grve-hover-style-none\">  <figure class=\"grve-image-hover\">    <a class=\"grve-item-url\" href=\"https:\/\/100pct.org\/wordpress\/wp-content\/uploads\/P1010630-1920x1280.jpeg\" ><\/a>    <div class=\"grve-hover-overlay grve-bg-primary-1 grve-opacity-90\"><\/div><div class=\"grve-media\"><img decoding=\"async\" width=\"1024\" height=\"683\" src=\"https:\/\/100pct.org\/wordpress\/wp-content\/uploads\/P1010630-1024x683.jpeg\" class=\"attachment-large size-large\" alt=\"\" srcset=\"https:\/\/100pct.org\/wordpress\/wp-content\/uploads\/P1010630-1024x683.jpeg 1024w, https:\/\/100pct.org\/wordpress\/wp-content\/uploads\/P1010630-300x200.jpeg 300w, https:\/\/100pct.org\/wordpress\/wp-content\/uploads\/P1010630-768x512.jpeg 768w, https:\/\/100pct.org\/wordpress\/wp-content\/uploads\/P1010630-1536x1024.jpeg 1536w, https:\/\/100pct.org\/wordpress\/wp-content\/uploads\/P1010630-16x12.jpeg 16w, https:\/\/100pct.org\/wordpress\/wp-content\/uploads\/P1010630-1920x1280.jpeg 1920w, https:\/\/100pct.org\/wordpress\/wp-content\/uploads\/P1010630-600x400.jpeg 600w\" sizes=\"(max-width: 1024px) 100vw, 1024px\" \/><\/div>  <\/figure><\/div><div class=\"grve-carousel-item grve-hover-item grve-hover-style-none\">  <figure class=\"grve-image-hover\">    <a class=\"grve-item-url\" href=\"https:\/\/100pct.org\/wordpress\/wp-content\/uploads\/P1010673-1920x1280.jpeg\" ><\/a>    <div class=\"grve-hover-overlay grve-bg-primary-1 grve-opacity-90\"><\/div><div class=\"grve-media\"><img decoding=\"async\" width=\"1024\" height=\"683\" src=\"https:\/\/100pct.org\/wordpress\/wp-content\/uploads\/P1010673-1024x683.jpeg\" class=\"attachment-large size-large\" alt=\"\" srcset=\"https:\/\/100pct.org\/wordpress\/wp-content\/uploads\/P1010673-1024x683.jpeg 1024w, https:\/\/100pct.org\/wordpress\/wp-content\/uploads\/P1010673-300x200.jpeg 300w, https:\/\/100pct.org\/wordpress\/wp-content\/uploads\/P1010673-768x512.jpeg 768w, https:\/\/100pct.org\/wordpress\/wp-content\/uploads\/P1010673-1536x1024.jpeg 1536w, https:\/\/100pct.org\/wordpress\/wp-content\/uploads\/P1010673-16x12.jpeg 16w, https:\/\/100pct.org\/wordpress\/wp-content\/uploads\/P1010673-1920x1280.jpeg 1920w, https:\/\/100pct.org\/wordpress\/wp-content\/uploads\/P1010673-600x400.jpeg 600w\" sizes=\"(max-width: 1024px) 100vw, 1024px\" \/><\/div>  <\/figure><\/div><div class=\"grve-carousel-item grve-hover-item grve-hover-style-none\">  <figure class=\"grve-image-hover\">    <a class=\"grve-item-url\" href=\"https:\/\/100pct.org\/wordpress\/wp-content\/uploads\/Store_Drenge48.jpg\" ><\/a>    <div class=\"grve-hover-overlay grve-bg-primary-1 grve-opacity-90\"><\/div><div class=\"grve-media\"><img decoding=\"async\" width=\"1024\" height=\"682\" src=\"https:\/\/100pct.org\/wordpress\/wp-content\/uploads\/Store_Drenge48-1024x682.jpg\" class=\"attachment-large size-large\" alt=\"\" srcset=\"https:\/\/100pct.org\/wordpress\/wp-content\/uploads\/Store_Drenge48-1024x682.jpg 1024w, https:\/\/100pct.org\/wordpress\/wp-content\/uploads\/Store_Drenge48-300x200.jpg 300w, https:\/\/100pct.org\/wordpress\/wp-content\/uploads\/Store_Drenge48-768x512.jpg 768w, https:\/\/100pct.org\/wordpress\/wp-content\/uploads\/Store_Drenge48-1536x1024.jpg 1536w, https:\/\/100pct.org\/wordpress\/wp-content\/uploads\/Store_Drenge48-16x12.jpg 16w, https:\/\/100pct.org\/wordpress\/wp-content\/uploads\/Store_Drenge48-600x400.jpg 600w, https:\/\/100pct.org\/wordpress\/wp-content\/uploads\/Store_Drenge48.jpg 1772w\" sizes=\"(max-width: 1024px) 100vw, 1024px\" \/><\/div>  <\/figure><\/div>\t  <\/div>\t<\/div><\/div><\/div><\/div><\/div><\/div><div class=\"grve-background-wrapper\"><\/div><\/div><div class=\"grve-section grve-row-section grve-fullwidth-background grve-bg-none\" id=\"sps\"><div class=\"grve-container\"><div class=\"grve-row grve-bookmark grve-columns-gap-30\"><div class=\"grve-column wpb_column grve-column-1-6\" ><div class=\"grve-column-wrapper\" ><\/div><\/div><div class=\"grve-column wpb_column grve-column-2-3\" ><div class=\"grve-column-wrapper\" ><div class=\"grve-row-inner grve-bookmark vc_custom_1547203175744\">\r\n\t\t<div class=\"grve-column-inner wpb_column grve-column-1\">\r\n\t\t\t<div class=\"grve-column-wrapper-inner\">\r\n\t\t\t<div class=\"grve-element grve-text\">\r\n\t\t\t<p>Street children in Machakos County, Kenya, are driven to the streets out of desperation and the belief that they have nowhere else to go. The reasons children end up on the streets can primarily be seen as a result of poverty and poverty-related issues. This includes violence, abuse, neglect, and exclusion from their families.<\/p>\n<p>A growing number of the children who end up on the streets spend most of their lives in institutions. Several studies have shown that this has significant negative impacts on the children's well-being, rights, and future opportunities. Among the street children who become institutionalized, the majority end up in correctional facilities and orphanages, with no contact with their families and local communities.<\/p>\n\r\n\t\t<\/div>\r\n\t\r\n\t\t\t<\/div>\r\n\t\t<\/div>\r\n\t<\/div><\/div><\/div><div class=\"grve-column wpb_column grve-column-1-6\" ><div class=\"grve-column-wrapper\" ><\/div><\/div><\/div><\/div><div class=\"grve-background-wrapper\"><\/div><\/div><div class=\"grve-section grve-row-section grve-fullwidth-background grve-bg-none\" id=\"sps\"  style=\"background-color:#e5e7fd;\"><div class=\"grve-container\"><div class=\"grve-row grve-bookmark grve-columns-gap-30\"><div class=\"grve-column wpb_column grve-column-1-6\" ><div class=\"grve-column-wrapper\" ><\/div><\/div><div class=\"grve-column wpb_column grve-column-2-3\" ><div class=\"grve-column-wrapper\" ><div class=\"grve-row-inner grve-bookmark vc_custom_1547203175744\">\r\n\t\t<div class=\"grve-column-inner wpb_column grve-column-1\">\r\n\t\t\t<div class=\"grve-column-wrapper-inner\">\r\n\t\t\t<h3 class=\"grve-element grve-title grve-align-left grve-h3\" style=\"\"><span>The underlying causes<\/span><\/h3><div class=\"grve-element grve-text\">\r\n\t\t\t<p>In addition to poverty and poverty-related issues, another important reason why children leave their families and communities is the stigmatization and discrimination associated with HIV\/AIDS. This can occur if one or both parents are infected, or if the child itself is infected.<\/p>\n<p>A reason why especially young girls abandon their families and communities is the continued use of harmful cultural practices such as female genital mutilation and early marriage. This forces particularly young girls to leave their families to protect themselves.<\/p>\n<p>All these aforementioned reasons contribute to pushing children onto the streets and potentially into institutions. The institutions provide them with the basic necessities they need to survive, but studies have increasingly shown that institutions do more harm than good. A movement towards family-based care has been underway in Kenya and other parts of Africa.<\/p>\n\r\n\t\t<\/div>\r\n\t\r\n\t\t\t<\/div>\r\n\t\t<\/div>\r\n\t<\/div><\/div><\/div><div class=\"grve-column wpb_column grve-column-1-6\" ><div class=\"grve-column-wrapper\" ><\/div><\/div><\/div><\/div><div class=\"grve-background-wrapper\"><\/div><\/div><div class=\"grve-section grve-row-section grve-fullwidth-background grve-padding-top-1x grve-padding-bottom-1x grve-bg-none\"><div class=\"grve-container\"><div class=\"grve-row grve-bookmark grve-columns-gap-30\"><div class=\"grve-column wpb_column grve-column-1-6\" ><div class=\"grve-column-wrapper\" ><\/div><\/div><div class=\"grve-column wpb_column grve-column-2-3\" ><div class=\"grve-column-wrapper\" ><h3 class=\"grve-element grve-title grve-align-left grve-h3\" style=\"\"><span>Project Methods<\/span><\/h3><div class=\"grve-element grve-text\">\r\n\t\t\t<p>100% for the Children, in collaboration with Positive Life Kenya, has developed a pilot project to test new strategic methods to address the issue of children moving to the streets and then into institutions. One of the project's key goals is to strengthen our partner, Positive Life Kenya's, capacity to address the problem in a sustainable way that also tackles the underlying causes of why children leave in the first place. Our hope is that, by doing so, we will not only treat the symptoms but also address the root of the problem, so that in the future, children can grow up in their families or high-quality alternative care.<\/p>\n<p>The experiences we gain from the pilot project will be incorporated into a co-creation process with other like-minded NGOs in Kenya. The goal is to create a network of organizations capable of implementing sustainable solutions for children who end up on the streets and\/or in institutions. In the long term, our hope is that this network will help elevate the issue to a political level and advocate for Kenyan policymakers to work towards abolishing institutionalization in Kenya.<\/p>\n\r\n\t\t<\/div>\r\n\t<\/div><\/div><div class=\"grve-column wpb_column grve-column-1-6\" ><div class=\"grve-column-wrapper\" ><\/div><\/div><\/div><\/div><div class=\"grve-background-wrapper\"><\/div><\/div><div class=\"grve-section grve-row-section grve-fullwidth-background grve-bg-none\" id=\"sps\"><div class=\"grve-container\"><div class=\"grve-row grve-bookmark grve-columns-gap-30\"><div class=\"grve-column wpb_column grve-column-1-6\" ><div class=\"grve-column-wrapper\" ><\/div><\/div><div class=\"grve-column wpb_column grve-column-2-3\" ><div class=\"grve-column-wrapper\" ><div class=\"grve-row-inner grve-bookmark vc_custom_1547203175744\">\r\n\t\t<div class=\"grve-column-inner wpb_column grve-column-1\">\r\n\t\t\t<div class=\"grve-column-wrapper-inner\">\r\n\t\t\t<div class=\"grve-element grve-text\">\r\n\t\t\t<p>The project s funded through\u00a0<a href=\"http:\/\/www.cisu.dk\/\" target=\"_blank\" rel=\"noopener noreferrer\">CISU - Civil Society in Development<\/a>.<\/p>\n\r\n\t\t<\/div>\r\n\t\r\n\t\t\t<\/div>\r\n\t\t<\/div>\r\n\t<\/div><\/div><\/div><div class=\"grve-column wpb_column grve-column-1-6\" ><div class=\"grve-column-wrapper\" ><\/div><\/div><\/div><\/div><div class=\"grve-background-wrapper\"><\/div><\/div>","protected":false},"excerpt":{"rendered":"Et voksende antal af Machakos gadeb\u00f8rn tilbringer det meste af deres liv p\u00e5 institutioner. Den tendens vil vi gerne modarbejde. Derfor har vi startet et projekt i samarbejde med vores partner Positive Life Kenya, hvor vi sammen skal afpr\u00f8ve nye metoder i arbejdet med at bringe gadeb\u00f8rnene tilbage til deres familier. PreviousNext Gadeb\u00f8rn i Machakos [...]","protected":false},"author":112,"featured_media":0,"parent":655,"menu_order":0,"comment_status":"closed","ping_status":"closed","template":"","meta":{"inline_featured_image":false,"footnotes":""},"class_list":["post-6855","page","type-page","status-publish","hentry"],"yoast_head":"<!-- This site is optimized with the Yoast SEO Premium plugin v26.8 (Yoast SEO v26.8) - https:\/\/yoast.com\/product\/yoast-seo-premium-wordpress\/ -->\n<title>Beskyttelse af b\u00f8rn p\u00e5 gaden - hj\u00e6lp og sikkerhed<\/title>\n<meta name=\"robots\" content=\"index, follow, max-snippet:-1, max-image-preview:large, max-video-preview:-1\" \/>\n<link rel=\"canonical\" href=\"https:\/\/100pct.org\/english\/the-three-tracks\/program\/protection-of-children-on-the-street\/\" \/>\n<meta property=\"og:locale\" content=\"en_GB\" \/>\n<meta property=\"og:type\" content=\"article\" \/>\n<meta property=\"og:title\" content=\"Beskyttelse af b\u00f8rn p\u00e5 gaden\" \/>\n<meta property=\"og:url\" content=\"https:\/\/100pct.org\/english\/the-three-tracks\/program\/protection-of-children-on-the-street\/\" \/>\n<meta property=\"og:site_name\" content=\"100% for B\u00f8rnene\" \/>\n<meta property=\"article:publisher\" content=\"https:\/\/www.facebook.com\/100pct.org\/\" \/>\n<meta property=\"article:modified_time\" content=\"2022-07-25T11:15:17+00:00\" \/>\n<meta name=\"twitter:card\" content=\"summary_large_image\" \/>\n<meta name=\"twitter:label1\" content=\"Estimated reading time\" \/>\n\t<meta name=\"twitter:data1\" content=\"3 minutes\" \/>\n<script type=\"application\/ld+json\" class=\"yoast-schema-graph\">{\"@context\":\"https:\/\/schema.org\",\"@graph\":[{\"@type\":\"WebPage\",\"@id\":\"https:\/\/100pct.org\/de-tre-spor\/program\/beskyttelseafboernpaagaden\/\",\"url\":\"https:\/\/100pct.org\/de-tre-spor\/program\/beskyttelseafboernpaagaden\/\",\"name\":\"Beskyttelse af b\u00f8rn p\u00e5 gaden - hj\u00e6lp og sikkerhed\",\"isPartOf\":{\"@id\":\"https:\/\/100pct.org\/#website\"},\"datePublished\":\"2021-03-03T12:50:40+00:00\",\"dateModified\":\"2022-07-25T11:15:17+00:00\",\"breadcrumb\":{\"@id\":\"https:\/\/100pct.org\/de-tre-spor\/program\/beskyttelseafboernpaagaden\/#breadcrumb\"},\"inLanguage\":\"en-GB\",\"potentialAction\":[{\"@type\":\"ReadAction\",\"target\":[\"https:\/\/100pct.org\/de-tre-spor\/program\/beskyttelseafboernpaagaden\/\"]}]},{\"@type\":\"BreadcrumbList\",\"@id\":\"https:\/\/100pct.org\/de-tre-spor\/program\/beskyttelseafboernpaagaden\/#breadcrumb\",\"itemListElement\":[{\"@type\":\"ListItem\",\"position\":1,\"name\":\"Hjem\",\"item\":\"https:\/\/100pct.org\/\"},{\"@type\":\"ListItem\",\"position\":2,\"name\":\"De tre spor\",\"item\":\"https:\/\/100pct.org\/de-tre-spor\/\"},{\"@type\":\"ListItem\",\"position\":3,\"name\":\"Programmer\",\"item\":\"https:\/\/100pct.org\/de-tre-spor\/program\/\"},{\"@type\":\"ListItem\",\"position\":4,\"name\":\"Beskyttelse af b\u00f8rn p\u00e5 gaden\"}]},{\"@type\":\"WebSite\",\"@id\":\"https:\/\/100pct.org\/#website\",\"url\":\"https:\/\/100pct.org\/\",\"name\":\"100% for B\u00f8rnene\",\"description\":\"Vi arbejder med at sikre muligheder for b\u00f8rn i Kenya, Ukraine, Malawi og Ghana, som andre har opgivet\",\"publisher\":{\"@id\":\"https:\/\/100pct.org\/#organization\"},\"potentialAction\":[{\"@type\":\"SearchAction\",\"target\":{\"@type\":\"EntryPoint\",\"urlTemplate\":\"https:\/\/100pct.org\/?s={search_term_string}\"},\"query-input\":{\"@type\":\"PropertyValueSpecification\",\"valueRequired\":true,\"valueName\":\"search_term_string\"}}],\"inLanguage\":\"en-GB\"},{\"@type\":\"Organization\",\"@id\":\"https:\/\/100pct.org\/#organization\",\"name\":\"100% for B\u00f8rnene\",\"url\":\"https:\/\/100pct.org\/\",\"logo\":{\"@type\":\"ImageObject\",\"inLanguage\":\"en-GB\",\"@id\":\"https:\/\/100pct.org\/#\/schema\/logo\/image\/\",\"url\":\"https:\/\/100pct.org\/wordpress\/wp-content\/uploads\/100pct_logo_og_version_1200x627.png\",\"contentUrl\":\"https:\/\/100pct.org\/wordpress\/wp-content\/uploads\/100pct_logo_og_version_1200x627.png\",\"width\":1200,\"height\":627,\"caption\":\"100% for B\u00f8rnene\"},\"image\":{\"@id\":\"https:\/\/100pct.org\/#\/schema\/logo\/image\/\"},\"sameAs\":[\"https:\/\/www.facebook.com\/100pct.org\/\"]}]}<\/script>\n<!-- \/ Yoast SEO Premium plugin. -->","yoast_head_json":{"title":"Protecting children on the streets - help and safety","robots":{"index":"index","follow":"follow","max-snippet":"max-snippet:-1","max-image-preview":"max-image-preview:large","max-video-preview":"max-video-preview:-1"},"canonical":"https:\/\/100pct.org\/english\/the-three-tracks\/program\/protection-of-children-on-the-street\/","og_locale":"en_GB","og_type":"article","og_title":"Beskyttelse af b\u00f8rn p\u00e5 gaden","og_url":"https:\/\/100pct.org\/english\/the-three-tracks\/program\/protection-of-children-on-the-street\/","og_site_name":"100% for B\u00f8rnene","article_publisher":"https:\/\/www.facebook.com\/100pct.org\/","article_modified_time":"2022-07-25T11:15:17+00:00","twitter_card":"summary_large_image","twitter_misc":{"Estimated reading time":"3 minutes"},"schema":{"@context":"https:\/\/schema.org","@graph":[{"@type":"WebPage","@id":"https:\/\/100pct.org\/de-tre-spor\/program\/beskyttelseafboernpaagaden\/","url":"https:\/\/100pct.org\/de-tre-spor\/program\/beskyttelseafboernpaagaden\/","name":"Protecting children on the streets - help and safety","isPartOf":{"@id":"https:\/\/100pct.org\/#website"},"datePublished":"2021-03-03T12:50:40+00:00","dateModified":"2022-07-25T11:15:17+00:00","breadcrumb":{"@id":"https:\/\/100pct.org\/de-tre-spor\/program\/beskyttelseafboernpaagaden\/#breadcrumb"},"inLanguage":"en-GB","potentialAction":[{"@type":"ReadAction","target":["https:\/\/100pct.org\/de-tre-spor\/program\/beskyttelseafboernpaagaden\/"]}]},{"@type":"BreadcrumbList","@id":"https:\/\/100pct.org\/de-tre-spor\/program\/beskyttelseafboernpaagaden\/#breadcrumb","itemListElement":[{"@type":"ListItem","position":1,"name":"Hjem","item":"https:\/\/100pct.org\/"},{"@type":"ListItem","position":2,"name":"De tre spor","item":"https:\/\/100pct.org\/de-tre-spor\/"},{"@type":"ListItem","position":3,"name":"Programmer","item":"https:\/\/100pct.org\/de-tre-spor\/program\/"},{"@type":"ListItem","position":4,"name":"Beskyttelse af b\u00f8rn p\u00e5 gaden"}]},{"@type":"WebSite","@id":"https:\/\/100pct.org\/#website","url":"https:\/\/100pct.org\/","name":"100% for the Children","description":"We work to secure opportunities for children in Kenya, Ukraine, Malawi and Ghana that others have left behind","publisher":{"@id":"https:\/\/100pct.org\/#organization"},"potentialAction":[{"@type":"SearchAction","target":{"@type":"EntryPoint","urlTemplate":"https:\/\/100pct.org\/?s={search_term_string}"},"query-input":{"@type":"PropertyValueSpecification","valueRequired":true,"valueName":"search_term_string"}}],"inLanguage":"en-GB"},{"@type":"Organization","@id":"https:\/\/100pct.org\/#organization","name":"100% for the Children","url":"https:\/\/100pct.org\/","logo":{"@type":"ImageObject","inLanguage":"en-GB","@id":"https:\/\/100pct.org\/#\/schema\/logo\/image\/","url":"https:\/\/100pct.org\/wordpress\/wp-content\/uploads\/100pct_logo_og_version_1200x627.png","contentUrl":"https:\/\/100pct.org\/wordpress\/wp-content\/uploads\/100pct_logo_og_version_1200x627.png","width":1200,"height":627,"caption":"100% for B\u00f8rnene"},"image":{"@id":"https:\/\/100pct.org\/#\/schema\/logo\/image\/"},"sameAs":["https:\/\/www.facebook.com\/100pct.org\/"]}]}},"_links":{"self":[{"href":"https:\/\/100pct.org\/english\/wp-json\/wp\/v2\/pages\/6855","targetHints":{"allow":["GET"]}}],"collection":[{"href":"https:\/\/100pct.org\/english\/wp-json\/wp\/v2\/pages"}],"about":[{"href":"https:\/\/100pct.org\/english\/wp-json\/wp\/v2\/types\/page"}],"author":[{"embeddable":true,"href":"https:\/\/100pct.org\/english\/wp-json\/wp\/v2\/users\/112"}],"replies":[{"embeddable":true,"href":"https:\/\/100pct.org\/english\/wp-json\/wp\/v2\/comments?post=6855"}],"version-history":[{"count":13,"href":"https:\/\/100pct.org\/english\/wp-json\/wp\/v2\/pages\/6855\/revisions"}],"predecessor-version":[{"id":7797,"href":"https:\/\/100pct.org\/english\/wp-json\/wp\/v2\/pages\/6855\/revisions\/7797"}],"up":[{"embeddable":true,"href":"https:\/\/100pct.org\/english\/wp-json\/wp\/v2\/pages\/655"}],"wp:attachment":[{"href":"https:\/\/100pct.org\/english\/wp-json\/wp\/v2\/media?parent=6855"}],"curies":[{"name":"wp","href":"https:\/\/api.w.org\/{rel}","templated":true}]}}